{"id":95,"date":"2018-06-18T06:57:36","date_gmt":"2018-06-18T06:57:36","guid":{"rendered":"http:\/\/gcpetsmobilegrooming.com\/home\/"},"modified":"2025-05-13T16:54:04","modified_gmt":"2025-05-13T20:54:04","slug":"home","status":"publish","type":"page","link":"https:\/\/gcpetsmobilegrooming.com\/es\/","title":{"rendered":"Home"},"content":{"rendered":"<div data-elementor-type=\"wp-page\" data-elementor-id=\"95\" class=\"elementor elementor-95\">\n\t\t\t\t\t\t<section class=\"elementor-section elementor-top-section elementor-element elementor-element-a584ef8 elementor-section-content-middle elementor-reverse-mobile elementor-section-full_width elementor-section-height-default elementor-section-height-default\" data-id=\"a584ef8\" data-element_type=\"section\" data-e-type=\"section\" data-settings=\"{&quot;background_background&quot;:&quot;classic&quot;}\">\n\t\t\t\t\t\t\t<div class=\"elementor-background-overlay\"><\/div>\n\t\t\t\t\t\t\t<div class=\"elementor-container elementor-column-gap-default\">\n\t\t\t\t\t<div class=\"elementor-column elementor-col-100 elementor-top-column elementor-element elementor-element-b7bcb4e\" data-id=\"b7bcb4e\" data-element_type=\"column\" data-e-type=\"column\">\n\t\t\t<div class=\"elementor-widget-wrap elementor-element-populated\">\n\t\t\t\t\t\t<div class=\"elementor-element elementor-element-a008ca8 elementor-widget__width-initial elementor-widget elementor-widget-image\" data-id=\"a008ca8\" data-element_type=\"widget\" data-e-type=\"widget\" data-widget_type=\"image.default\">\n\t\t\t\t<div class=\"elementor-widget-container\">\n\t\t\t\t\t\t\t\t\t\t\t\t\t\t\t<img decoding=\"async\" src=\"https:\/\/gcpetsmobilegrooming.com\/wp-content\/uploads\/elementor\/thumbs\/vision-de-gatos-y-perros-siendo-amigos-scaled-rfv3tomedamj0o9nvlzdh1u38sjxnnsfjyqrq7ozsg.webp\" title=\"vision-de-gatos-y-perros-siendo-amigos\" alt=\"Dog and cat\" loading=\"lazy\" \/>\t\t\t\t\t\t\t\t\t\t\t\t\t\t\t<\/div>\n\t\t\t\t<\/div>\n\t\t\t\t\t<\/div>\n\t\t<\/div>\n\t\t\t\t\t<\/div>\n\t\t<\/section>\n\t\t<div class=\"elementor-element elementor-element-92218d8 e-flex e-con-boxed e-con e-parent\" data-id=\"92218d8\" data-element_type=\"container\" data-e-type=\"container\">\n\t\t\t\t\t<div class=\"e-con-inner\">\n\t\t<div class=\"elementor-element elementor-element-76f3bff e-con-full e-flex e-con e-child\" data-id=\"76f3bff\" data-element_type=\"container\" data-e-type=\"container\">\n\t\t\t\t<div class=\"elementor-element elementor-element-57dac88 elementor-widget elementor-widget-menu-anchor\" data-id=\"57dac88\" data-element_type=\"widget\" data-e-type=\"widget\" data-widget_type=\"menu-anchor.default\">\n\t\t\t\t<div class=\"elementor-widget-container\">\n\t\t\t\t\t\t\t<div class=\"elementor-menu-anchor\" id=\"Grooming\"><\/div>\n\t\t\t\t\t\t<\/div>\n\t\t\t\t<\/div>\n\t\t\t\t<div class=\"elementor-element elementor-element-62d87a4 elementor-widget elementor-widget-image\" data-id=\"62d87a4\" data-element_type=\"widget\" data-e-type=\"widget\" data-widget_type=\"image.default\">\n\t\t\t\t<div class=\"elementor-widget-container\">\n\t\t\t\t\t\t\t\t\t\t\t\t\t\t\t\t<a href=\"https:\/\/gcpetsmobilegrooming.com\/es\/categoria-producto\/grooming\/\">\n\t\t\t\t\t\t\t<img fetchpriority=\"high\" decoding=\"async\" width=\"1024\" height=\"521\" src=\"https:\/\/gcpetsmobilegrooming.com\/wp-content\/uploads\/2023\/10\/seccion1@4x-1024x521.png\" class=\"attachment-large size-large wp-image-5543\" alt=\"GC Pets Grooming Services Image\" srcset=\"https:\/\/gcpetsmobilegrooming.com\/wp-content\/uploads\/2023\/10\/seccion1@4x-1024x521.png 1024w, https:\/\/gcpetsmobilegrooming.com\/wp-content\/uploads\/2023\/10\/seccion1@4x-300x153.png 300w, https:\/\/gcpetsmobilegrooming.com\/wp-content\/uploads\/2023\/10\/seccion1@4x-768x391.png 768w, https:\/\/gcpetsmobilegrooming.com\/wp-content\/uploads\/2023\/10\/seccion1@4x.png 1180w\" sizes=\"(max-width: 1024px) 100vw, 1024px\" \/>\t\t\t\t\t\t\t\t<\/a>\n\t\t\t\t\t\t\t\t\t\t\t\t\t\t\t<\/div>\n\t\t\t\t<\/div>\n\t\t\t\t<div class=\"elementor-element elementor-element-da2c3d5 elementor-widget elementor-widget-text-editor\" data-id=\"da2c3d5\" data-element_type=\"widget\" data-e-type=\"widget\" data-widget_type=\"text-editor.default\">\n\t\t\t\t<div class=\"elementor-widget-container\">\n\t\t\t\t\t\t\t\t\t<p class=\"wixui-rich-texttext\">\u00a1No descuides las necesidades de cuidado de tu mascota! El aseo regular es esencial para su salud y bienestar. Comun\u00edquese con GC Pets Mobile Grooming hoy o compre nuestros servicios de cuidado directamente en nuestro sitio web, lo que hace que sea a\u00fan m\u00e1s f\u00e1cil brindar la mejor atenci\u00f3n a su amigo peludo.<\/p>\t\t\t\t\t\t\t\t<\/div>\n\t\t\t\t<\/div>\n\t\t\t\t<div class=\"elementor-element elementor-element-049db68 elementor-hidden-desktop elementor-hidden-tablet elementor-widget-divider--view-line elementor-widget elementor-widget-divider\" data-id=\"049db68\" data-element_type=\"widget\" data-e-type=\"widget\" data-widget_type=\"divider.default\">\n\t\t\t\t<div class=\"elementor-widget-container\">\n\t\t\t\t\t\t\t<div class=\"elementor-divider\">\n\t\t\t<span class=\"elementor-divider-separator\">\n\t\t\t\t\t\t<\/span>\n\t\t<\/div>\n\t\t\t\t\t\t<\/div>\n\t\t\t\t<\/div>\n\t\t\t\t<\/div>\n\t\t<div class=\"elementor-element elementor-element-78e4ef5 e-con-full e-flex e-con e-child\" data-id=\"78e4ef5\" data-element_type=\"container\" data-e-type=\"container\">\n\t\t\t\t<div class=\"elementor-element elementor-element-ee1ed51 elementor-widget elementor-widget-menu-anchor\" data-id=\"ee1ed51\" data-element_type=\"widget\" data-e-type=\"widget\" data-widget_type=\"menu-anchor.default\">\n\t\t\t\t<div class=\"elementor-widget-container\">\n\t\t\t\t\t\t\t<div class=\"elementor-menu-anchor\" id=\"Gallery\"><\/div>\n\t\t\t\t\t\t<\/div>\n\t\t\t\t<\/div>\n\t\t\t\t<div class=\"elementor-element elementor-element-04745dc elementor-widget elementor-widget-image\" data-id=\"04745dc\" data-element_type=\"widget\" data-e-type=\"widget\" data-widget_type=\"image.default\">\n\t\t\t\t<div class=\"elementor-widget-container\">\n\t\t\t\t\t\t\t\t\t\t\t\t\t\t\t\t<a href=\"https:\/\/gcpetsmobilegrooming.com\/es\/gallery\/\">\n\t\t\t\t\t\t\t<img decoding=\"async\" width=\"1024\" height=\"521\" src=\"https:\/\/gcpetsmobilegrooming.com\/wp-content\/uploads\/2023\/10\/seccion3@4x-1024x521.png\" class=\"attachment-large size-large wp-image-5545\" alt=\"GC Pets Mobile Grooming Gallery Image\" srcset=\"https:\/\/gcpetsmobilegrooming.com\/wp-content\/uploads\/2023\/10\/seccion3@4x-1024x521.png 1024w, https:\/\/gcpetsmobilegrooming.com\/wp-content\/uploads\/2023\/10\/seccion3@4x-300x153.png 300w, https:\/\/gcpetsmobilegrooming.com\/wp-content\/uploads\/2023\/10\/seccion3@4x-768x391.png 768w, https:\/\/gcpetsmobilegrooming.com\/wp-content\/uploads\/2023\/10\/seccion3@4x.png 1180w\" sizes=\"(max-width: 1024px) 100vw, 1024px\" \/>\t\t\t\t\t\t\t\t<\/a>\n\t\t\t\t\t\t\t\t\t\t\t\t\t\t\t<\/div>\n\t\t\t\t<\/div>\n\t\t\t\t<div class=\"elementor-element elementor-element-55a447c elementor-widget elementor-widget-text-editor\" data-id=\"55a447c\" data-element_type=\"widget\" data-e-type=\"widget\" data-widget_type=\"text-editor.default\">\n\t\t\t\t<div class=\"elementor-widget-container\">\n\t\t\t\t\t\t\t\t\t<p>Mostramos con orgullo los impresionantes resultados de nuestros excepcionales servicios de cuidado m\u00e9dico y preventivo, desde perros peludos hasta gatos elegantes, nuestros expertos peluqueros han hecho su magia para resaltar la belleza natural de cada uno.<\/p>\t\t\t\t\t\t\t\t<\/div>\n\t\t\t\t<\/div>\n\t\t\t\t<div class=\"elementor-element elementor-element-72cbd6f elementor-hidden-desktop elementor-hidden-tablet elementor-widget-divider--view-line elementor-widget elementor-widget-divider\" data-id=\"72cbd6f\" data-element_type=\"widget\" data-e-type=\"widget\" data-widget_type=\"divider.default\">\n\t\t\t\t<div class=\"elementor-widget-container\">\n\t\t\t\t\t\t\t<div class=\"elementor-divider\">\n\t\t\t<span class=\"elementor-divider-separator\">\n\t\t\t\t\t\t<\/span>\n\t\t<\/div>\n\t\t\t\t\t\t<\/div>\n\t\t\t\t<\/div>\n\t\t\t\t<\/div>\n\t\t<div class=\"elementor-element elementor-element-5987897 e-con-full e-flex e-con e-child\" data-id=\"5987897\" data-element_type=\"container\" data-e-type=\"container\">\n\t\t\t\t<div class=\"elementor-element elementor-element-1367df5 elementor-widget elementor-widget-menu-anchor\" data-id=\"1367df5\" data-element_type=\"widget\" data-e-type=\"widget\" data-widget_type=\"menu-anchor.default\">\n\t\t\t\t<div class=\"elementor-widget-container\">\n\t\t\t\t\t\t\t<div class=\"elementor-menu-anchor\" id=\"Contact\"><\/div>\n\t\t\t\t\t\t<\/div>\n\t\t\t\t<\/div>\n\t\t\t\t<div class=\"elementor-element elementor-element-86cb48a elementor-widget elementor-widget-image\" data-id=\"86cb48a\" data-element_type=\"widget\" data-e-type=\"widget\" data-widget_type=\"image.default\">\n\t\t\t\t<div class=\"elementor-widget-container\">\n\t\t\t\t\t\t\t\t\t\t\t\t\t\t\t\t<a href=\"https:\/\/gcpetsmobilegrooming.com\/es\/contact\/\">\n\t\t\t\t\t\t\t<img decoding=\"async\" width=\"1024\" height=\"521\" src=\"https:\/\/gcpetsmobilegrooming.com\/wp-content\/uploads\/2023\/10\/seccion4@4x-1024x521.png\" class=\"attachment-large size-large wp-image-5546\" alt=\"GC Pets Mobile Grooming Contact Us Image\" srcset=\"https:\/\/gcpetsmobilegrooming.com\/wp-content\/uploads\/2023\/10\/seccion4@4x-1024x521.png 1024w, https:\/\/gcpetsmobilegrooming.com\/wp-content\/uploads\/2023\/10\/seccion4@4x-300x153.png 300w, https:\/\/gcpetsmobilegrooming.com\/wp-content\/uploads\/2023\/10\/seccion4@4x-768x391.png 768w, https:\/\/gcpetsmobilegrooming.com\/wp-content\/uploads\/2023\/10\/seccion4@4x.png 1180w\" sizes=\"(max-width: 1024px) 100vw, 1024px\" \/>\t\t\t\t\t\t\t\t<\/a>\n\t\t\t\t\t\t\t\t\t\t\t\t\t\t\t<\/div>\n\t\t\t\t<\/div>\n\t\t\t\t<div class=\"elementor-element elementor-element-6f3d81e elementor-widget elementor-widget-text-editor\" data-id=\"6f3d81e\" data-element_type=\"widget\" data-e-type=\"widget\" data-widget_type=\"text-editor.default\">\n\t\t\t\t<div class=\"elementor-widget-container\">\n\t\t\t\t\t\t\t\t\t<p>Si tiene preguntas sobre nuestros servicios o est\u00e1 listo para programar una cita, estamos aqu\u00ed para ayudarlo.<\/p><p>No espere: \u00a1dale a tu mascota el regalo de una salud y un bienestar \u00f3ptimos contact\u00e1ndonos ahora!<\/p>\t\t\t\t\t\t\t\t<\/div>\n\t\t\t\t<\/div>\n\t\t\t\t<\/div>\n\t\t\t\t\t<\/div>\n\t\t\t\t<\/div>\n\t\t\t\t<\/div>","protected":false},"excerpt":{"rendered":"<p>Don&#8217;t neglect your pet&#8217;s grooming needs! Regular grooming is essential for their health and well-being. Contact GC Pets Mobile Grooming today or purchase our grooming services directly on our website, making it even easier to provide the best care for your furry friend. We proudly showcase the stunning results of our exceptional preventive and medical [&hellip;]<\/p>","protected":false},"author":1,"featured_media":0,"parent":0,"menu_order":0,"comment_status":"closed","ping_status":"closed","template":"","meta":{"site-sidebar-layout":"no-sidebar","site-content-layout":"page-builder","ast-site-content-layout":"full-width-container","site-content-style":"unboxed","site-sidebar-style":"unboxed","ast-global-header-display":"","ast-banner-title-visibility":"","ast-main-header-display":"","ast-hfb-above-header-display":"","ast-hfb-below-header-display":"","ast-hfb-mobile-header-display":"","site-post-title":"disabled","ast-breadcrumbs-content":"","ast-featured-img":"disabled","footer-sml-layout":"","ast-disable-related-posts":"","theme-transparent-header-meta":"default","adv-header-id-meta":"","stick-header-meta":"","header-above-stick-meta":"","header-main-stick-meta":"","header-below-stick-meta":"","astra-migrate-meta-layouts":"set","ast-page-background-enabled":"default","ast-page-background-meta":{"desktop":{"background-color":"","background-image":"","background-repeat":"repeat","background-position":"center center","background-size":"auto","background-attachment":"scroll","background-type":"","background-media":"","overlay-type":"","overlay-color":"","overlay-opacity":"","overlay-gradient":""},"tablet":{"background-color":"","background-image":"","background-repeat":"repeat","background-position":"center center","background-size":"auto","background-attachment":"scroll","background-type":"","background-media":"","overlay-type":"","overlay-color":"","overlay-opacity":"","overlay-gradient":""},"mobile":{"background-color":"","background-image":"","background-repeat":"repeat","background-position":"center center","background-size":"auto","background-attachment":"scroll","background-type":"","background-media":"","overlay-type":"","overlay-color":"","overlay-opacity":"","overlay-gradient":""}},"ast-content-background-meta":{"desktop":{"background-color":"var(--ast-global-color-5)","background-image":"","background-repeat":"repeat","background-position":"center center","background-size":"auto","background-attachment":"scroll","background-type":"","background-media":"","overlay-type":"","overlay-color":"","overlay-opacity":"","overlay-gradient":""},"tablet":{"background-color":"var(--ast-global-color-5)","background-image":"","background-repeat":"repeat","background-position":"center center","background-size":"auto","background-attachment":"scroll","background-type":"","background-media":"","overlay-type":"","overlay-color":"","overlay-opacity":"","overlay-gradient":""},"mobile":{"background-color":"var(--ast-global-color-5)","background-image":"","background-repeat":"repeat","background-position":"center center","background-size":"auto","background-attachment":"scroll","background-type":"","background-media":"","overlay-type":"","overlay-color":"","overlay-opacity":"","overlay-gradient":""}},"footnotes":""},"class_list":["post-95","page","type-page","status-publish","hentry"],"yoast_head":"<!-- This site is optimized with the Yoast SEO plugin v26.9 - https:\/\/yoast.com\/product\/yoast-seo-wordpress\/ -->\n<title>GC Pets Mobile Grooming - Home<\/title>\n<meta name=\"description\" content=\"GC Pets Mobile Grooming provides top-notch services to keep pets healthy and happy. Our preventive approach ensures the well-being of animals.\" \/>\n<meta name=\"robots\" content=\"index, follow, max-snippet:-1, max-image-preview:large, max-video-preview:-1\" \/>\n<link rel=\"canonical\" href=\"https:\/\/gcpetsmobilegrooming.com\/es\/\" \/>\n<meta property=\"og:locale\" content=\"es_ES\" \/>\n<meta property=\"og:type\" content=\"article\" \/>\n<meta property=\"og:title\" content=\"GC Pets Mobile Grooming - Home\" \/>\n<meta property=\"og:description\" content=\"GC Pets Mobile Grooming provides top-notch services to keep pets healthy and happy. Our preventive approach ensures the well-being of animals.\" \/>\n<meta property=\"og:url\" content=\"https:\/\/gcpetsmobilegrooming.com\/es\/\" \/>\n<meta property=\"og:site_name\" content=\"GCPets Mobile Grooming\" \/>\n<meta property=\"article:publisher\" content=\"https:\/\/www.facebook.com\/profile.php?id=100057305296185\" \/>\n<meta property=\"article:modified_time\" content=\"2025-05-13T20:54:04+00:00\" \/>\n<meta property=\"og:image\" content=\"http:\/\/gcpetsmobilegrooming.com\/wp-content\/uploads\/elementor\/thumbs\/vision-de-gatos-y-perros-siendo-amigos-scaled-r5rksgjl2arc11ka06kcydnbne8yd6jof0dsxjmek0.webp\" \/>\n<meta name=\"twitter:card\" content=\"summary_large_image\" \/>\n<meta name=\"twitter:label1\" content=\"Tiempo de lectura\" \/>\n\t<meta name=\"twitter:data1\" content=\"2 minutos\" \/>\n<script type=\"application\/ld+json\" class=\"yoast-schema-graph\">{\"@context\":\"https:\/\/schema.org\",\"@graph\":[{\"@type\":\"WebPage\",\"@id\":\"https:\/\/gcpetsmobilegrooming.com\/\",\"url\":\"https:\/\/gcpetsmobilegrooming.com\/\",\"name\":\"GC Pets Mobile Grooming - Home\",\"isPartOf\":{\"@id\":\"https:\/\/gcpetsmobilegrooming.com\/#website\"},\"primaryImageOfPage\":{\"@id\":\"https:\/\/gcpetsmobilegrooming.com\/#primaryimage\"},\"image\":{\"@id\":\"https:\/\/gcpetsmobilegrooming.com\/#primaryimage\"},\"thumbnailUrl\":\"http:\/\/gcpetsmobilegrooming.com\/wp-content\/uploads\/elementor\/thumbs\/vision-de-gatos-y-perros-siendo-amigos-scaled-r5rksgjl2arc11ka06kcydnbne8yd6jof0dsxjmek0.webp\",\"datePublished\":\"2018-06-18T06:57:36+00:00\",\"dateModified\":\"2025-05-13T20:54:04+00:00\",\"description\":\"GC Pets Mobile Grooming provides top-notch services to keep pets healthy and happy. Our preventive approach ensures the well-being of animals.\",\"breadcrumb\":{\"@id\":\"https:\/\/gcpetsmobilegrooming.com\/#breadcrumb\"},\"inLanguage\":\"es\",\"potentialAction\":[{\"@type\":\"ReadAction\",\"target\":[\"https:\/\/gcpetsmobilegrooming.com\/\"]}]},{\"@type\":\"ImageObject\",\"inLanguage\":\"es\",\"@id\":\"https:\/\/gcpetsmobilegrooming.com\/#primaryimage\",\"url\":\"http:\/\/gcpetsmobilegrooming.com\/wp-content\/uploads\/elementor\/thumbs\/vision-de-gatos-y-perros-siendo-amigos-scaled-r5rksgjl2arc11ka06kcydnbne8yd6jof0dsxjmek0.webp\",\"contentUrl\":\"http:\/\/gcpetsmobilegrooming.com\/wp-content\/uploads\/elementor\/thumbs\/vision-de-gatos-y-perros-siendo-amigos-scaled-r5rksgjl2arc11ka06kcydnbne8yd6jof0dsxjmek0.webp\"},{\"@type\":\"BreadcrumbList\",\"@id\":\"https:\/\/gcpetsmobilegrooming.com\/#breadcrumb\",\"itemListElement\":[{\"@type\":\"ListItem\",\"position\":1,\"name\":\"Home\",\"item\":\"https:\/\/gcpetsmobilegrooming.com\/\"},{\"@type\":\"ListItem\",\"position\":2,\"name\":\"Home\"}]},{\"@type\":\"WebSite\",\"@id\":\"https:\/\/gcpetsmobilegrooming.com\/#website\",\"url\":\"https:\/\/gcpetsmobilegrooming.com\/\",\"name\":\"GCPets Mobile Grooming\",\"description\":\"GC Pets Mobile Grooming\",\"publisher\":{\"@id\":\"https:\/\/gcpetsmobilegrooming.com\/#organization\"},\"potentialAction\":[{\"@type\":\"SearchAction\",\"target\":{\"@type\":\"EntryPoint\",\"urlTemplate\":\"https:\/\/gcpetsmobilegrooming.com\/?s={search_term_string}\"},\"query-input\":{\"@type\":\"PropertyValueSpecification\",\"valueRequired\":true,\"valueName\":\"search_term_string\"}}],\"inLanguage\":\"es\"},{\"@type\":\"Organization\",\"@id\":\"https:\/\/gcpetsmobilegrooming.com\/#organization\",\"name\":\"GCPets Mobile Grooming\",\"url\":\"https:\/\/gcpetsmobilegrooming.com\/\",\"logo\":{\"@type\":\"ImageObject\",\"inLanguage\":\"es\",\"@id\":\"https:\/\/gcpetsmobilegrooming.com\/#\/schema\/logo\/image\/\",\"url\":\"https:\/\/gcpetsmobilegrooming.com\/wp-content\/uploads\/2020\/02\/cropped-Logo-Horizontal.png\",\"contentUrl\":\"https:\/\/gcpetsmobilegrooming.com\/wp-content\/uploads\/2020\/02\/cropped-Logo-Horizontal.png\",\"width\":1116,\"height\":472,\"caption\":\"GCPets Mobile Grooming\"},\"image\":{\"@id\":\"https:\/\/gcpetsmobilegrooming.com\/#\/schema\/logo\/image\/\"},\"sameAs\":[\"https:\/\/www.facebook.com\/profile.php?id=100057305296185\"]}]}<\/script>\n<!-- \/ Yoast SEO plugin. -->","yoast_head_json":{"title":"GC Pets Mobile Grooming - Home","description":"GC Pets Mobile Grooming provides top-notch services to keep pets healthy and happy. Our preventive approach ensures the well-being of animals.","robots":{"index":"index","follow":"follow","max-snippet":"max-snippet:-1","max-image-preview":"max-image-preview:large","max-video-preview":"max-video-preview:-1"},"canonical":"https:\/\/gcpetsmobilegrooming.com\/es\/","og_locale":"es_ES","og_type":"article","og_title":"GC Pets Mobile Grooming - Home","og_description":"GC Pets Mobile Grooming provides top-notch services to keep pets healthy and happy. Our preventive approach ensures the well-being of animals.","og_url":"https:\/\/gcpetsmobilegrooming.com\/es\/","og_site_name":"GCPets Mobile Grooming","article_publisher":"https:\/\/www.facebook.com\/profile.php?id=100057305296185","article_modified_time":"2025-05-13T20:54:04+00:00","og_image":[{"url":"http:\/\/gcpetsmobilegrooming.com\/wp-content\/uploads\/elementor\/thumbs\/vision-de-gatos-y-perros-siendo-amigos-scaled-r5rksgjl2arc11ka06kcydnbne8yd6jof0dsxjmek0.webp","type":"","width":"","height":""}],"twitter_card":"summary_large_image","twitter_misc":{"Tiempo de lectura":"2 minutos"},"schema":{"@context":"https:\/\/schema.org","@graph":[{"@type":"WebPage","@id":"https:\/\/gcpetsmobilegrooming.com\/","url":"https:\/\/gcpetsmobilegrooming.com\/","name":"GC Pets Mobile Grooming - Home","isPartOf":{"@id":"https:\/\/gcpetsmobilegrooming.com\/#website"},"primaryImageOfPage":{"@id":"https:\/\/gcpetsmobilegrooming.com\/#primaryimage"},"image":{"@id":"https:\/\/gcpetsmobilegrooming.com\/#primaryimage"},"thumbnailUrl":"http:\/\/gcpetsmobilegrooming.com\/wp-content\/uploads\/elementor\/thumbs\/vision-de-gatos-y-perros-siendo-amigos-scaled-r5rksgjl2arc11ka06kcydnbne8yd6jof0dsxjmek0.webp","datePublished":"2018-06-18T06:57:36+00:00","dateModified":"2025-05-13T20:54:04+00:00","description":"GC Pets Mobile Grooming provides top-notch services to keep pets healthy and happy. Our preventive approach ensures the well-being of animals.","breadcrumb":{"@id":"https:\/\/gcpetsmobilegrooming.com\/#breadcrumb"},"inLanguage":"es","potentialAction":[{"@type":"ReadAction","target":["https:\/\/gcpetsmobilegrooming.com\/"]}]},{"@type":"ImageObject","inLanguage":"es","@id":"https:\/\/gcpetsmobilegrooming.com\/#primaryimage","url":"http:\/\/gcpetsmobilegrooming.com\/wp-content\/uploads\/elementor\/thumbs\/vision-de-gatos-y-perros-siendo-amigos-scaled-r5rksgjl2arc11ka06kcydnbne8yd6jof0dsxjmek0.webp","contentUrl":"http:\/\/gcpetsmobilegrooming.com\/wp-content\/uploads\/elementor\/thumbs\/vision-de-gatos-y-perros-siendo-amigos-scaled-r5rksgjl2arc11ka06kcydnbne8yd6jof0dsxjmek0.webp"},{"@type":"BreadcrumbList","@id":"https:\/\/gcpetsmobilegrooming.com\/#breadcrumb","itemListElement":[{"@type":"ListItem","position":1,"name":"Home","item":"https:\/\/gcpetsmobilegrooming.com\/"},{"@type":"ListItem","position":2,"name":"Home"}]},{"@type":"WebSite","@id":"https:\/\/gcpetsmobilegrooming.com\/#website","url":"https:\/\/gcpetsmobilegrooming.com\/","name":"GCPets Mobile Grooming","description":"GC Pets Mobile Grooming","publisher":{"@id":"https:\/\/gcpetsmobilegrooming.com\/#organization"},"potentialAction":[{"@type":"SearchAction","target":{"@type":"EntryPoint","urlTemplate":"https:\/\/gcpetsmobilegrooming.com\/?s={search_term_string}"},"query-input":{"@type":"PropertyValueSpecification","valueRequired":true,"valueName":"search_term_string"}}],"inLanguage":"es"},{"@type":"Organization","@id":"https:\/\/gcpetsmobilegrooming.com\/#organization","name":"GCPets Mobile Grooming","url":"https:\/\/gcpetsmobilegrooming.com\/","logo":{"@type":"ImageObject","inLanguage":"es","@id":"https:\/\/gcpetsmobilegrooming.com\/#\/schema\/logo\/image\/","url":"https:\/\/gcpetsmobilegrooming.com\/wp-content\/uploads\/2020\/02\/cropped-Logo-Horizontal.png","contentUrl":"https:\/\/gcpetsmobilegrooming.com\/wp-content\/uploads\/2020\/02\/cropped-Logo-Horizontal.png","width":1116,"height":472,"caption":"GCPets Mobile Grooming"},"image":{"@id":"https:\/\/gcpetsmobilegrooming.com\/#\/schema\/logo\/image\/"},"sameAs":["https:\/\/www.facebook.com\/profile.php?id=100057305296185"]}]}},"jetpack_sharing_enabled":true,"_links":{"self":[{"href":"https:\/\/gcpetsmobilegrooming.com\/es\/wp-json\/wp\/v2\/pages\/95","targetHints":{"allow":["GET"]}}],"collection":[{"href":"https:\/\/gcpetsmobilegrooming.com\/es\/wp-json\/wp\/v2\/pages"}],"about":[{"href":"https:\/\/gcpetsmobilegrooming.com\/es\/wp-json\/wp\/v2\/types\/page"}],"author":[{"embeddable":true,"href":"https:\/\/gcpetsmobilegrooming.com\/es\/wp-json\/wp\/v2\/users\/1"}],"replies":[{"embeddable":true,"href":"https:\/\/gcpetsmobilegrooming.com\/es\/wp-json\/wp\/v2\/comments?post=95"}],"version-history":[{"count":215,"href":"https:\/\/gcpetsmobilegrooming.com\/es\/wp-json\/wp\/v2\/pages\/95\/revisions"}],"predecessor-version":[{"id":6551,"href":"https:\/\/gcpetsmobilegrooming.com\/es\/wp-json\/wp\/v2\/pages\/95\/revisions\/6551"}],"wp:attachment":[{"href":"https:\/\/gcpetsmobilegrooming.com\/es\/wp-json\/wp\/v2\/media?parent=95"}],"curies":[{"name":"wp","href":"https:\/\/api.w.org\/{rel}","templated":true}]}}